{"id":279,"date":"2025-08-22T07:57:58","date_gmt":"2025-08-22T07:57:58","guid":{"rendered":"https:\/\/piatacentrala.chisinau.md\/regulamente\/"},"modified":"2025-08-27T11:45:54","modified_gmt":"2025-08-27T11:45:54","slug":"reglamenty","status":"publish","type":"page","link":"https:\/\/piatacentrala.chisinau.md\/ru\/reglamenty\/","title":{"rendered":"\u0420\u0435\u0433\u043b\u0430\u043c\u0435\u043d\u0442\u044b"},"content":{"rendered":"\n\n\t<h3 data-plugininputid=\"1363\">REGULAMENTUL de comer\u0163 \u00een pia\u0163a mixt\u0103 din str.Mitropolit Varlaam, 63 a \u00eentreprinderii municipale \u201ePia\u0163a Central\u0103&#187;<\/h3>\nPrezentul Regulament de comer\u0163 \u00een pia\u0163a mixt\u0103 din str.Mitropolit Varlaam, 63 a \u00eentreprinderii municipale \u201ePia\u0163a Central\u0103&#187; (\u00een continuare Regulament) reglementeaz\u0103 activitatea pie\u0163ei mixte din str.Mitropolit Varlaam, 63 gestionat\u0103 de \u00eentreprinderea municipal\u0103 &#187;Pia\u0163a Central\u0103&#187; (\u00een continuare Pia\u0163a) constituit\u0103 \u00een temeiul deciziei Prim\u0103riei mun. Chi\u015fin\u0103u nr.7\/11 din 14 martie 1994 \u201eCu privire la transferarea propriet\u0103\u0163ii statului \u00een proprietate municipal\u0103 \u015fi crearea \u00een baza ei a \u00eentreprinderii municipale \u201ePia\u0163a Central\u0103&#187;.\n\t\t\t\t\t\t\t<img loading=\"lazy\" decoding=\"async\" src=\"https:\/\/piatacentrala.chisinau.md\/wp-content\/uploads\/2025\/08\/group-154.png\" alt=\"Group 154\" width=\"24\" height=\"28\" \/>\n\t\t\t\t\t\t<h4>PDF<\/h4>\t\t\t\t\t\n\t\t\t\t\t\t\t<img loading=\"lazy\" decoding=\"async\" src=\"https:\/\/piatacentrala.chisinau.md\/wp-content\/uploads\/2025\/08\/group-155.png\" alt=\"Group 155\" width=\"19\" height=\"19\" \/>\n\t\t\t\t\t\t<h4>\u0421\u043a\u0430\u0447\u0430\u0442\u044c<\/h4>\t\t\t\t\t\n\t\t\t\t\t\t\t<img loading=\"lazy\" decoding=\"async\" src=\"https:\/\/piatacentrala.chisinau.md\/wp-content\/uploads\/2025\/08\/group-156.png\" alt=\"Group 156\" width=\"27\" height=\"18\" \/>\n\t\t\t\t\t\t<h4>\u0421\u043c\u043e\u0442\u0440\u0435\u0442\u044c<\/h4>\t\t\t\t\t\n\t<h3 data-plugininputid=\"1541\">Privind atribuirea locurilor de v\u00e2nzare \u015fi unit\u0103\u0163ilor comerciale \u00een pia\u0163a mixt\u0103 din str.Mitropolit Varlaam, 63 a \u00eentreprinderii municipale \u201ePia\u0163a Central\u0103&#187;<\/h3>\nPrezentul Regulamentul stabile\u015fte condi\u0163iile \u015fi procedura de distribuire, repartizare, loca\u0163iune a unit\u0103\u0163ilor comerciale proprii, atribuirea locurilor de v\u00e2nzare (suprafe\u0163elor comerciale, terenului comercial, teritoriilor) pentru instalarea\/amplasarea unit\u0103\u0163ilor comerciale de orice tip de proprietate \u00een pia\u0163a mixt\u0103 din str.Mitropolit Varlaam, 63 (\u00een continuare &#8212; Pia\u0163a).\n\t\t\t\t\t\t\t<img loading=\"lazy\" decoding=\"async\" src=\"https:\/\/piatacentrala.chisinau.md\/wp-content\/uploads\/2025\/08\/group-154.png\" alt=\"Group 154\" width=\"24\" height=\"28\" \/>\n\t\t\t\t\t\t<h4>PDF<\/h4>\t\t\t\t\t\n\t\t\t\t\t\t\t<img loading=\"lazy\" decoding=\"async\" src=\"https:\/\/piatacentrala.chisinau.md\/wp-content\/uploads\/2025\/08\/group-155.png\" alt=\"Group 155\" width=\"19\" height=\"19\" \/>\n\t\t\t\t\t\t<h4>\u0421\u043a\u0430\u0447\u0430\u0442\u044c<\/h4>\t\t\t\t\t\n\t\t\t\t\t\t\t<img loading=\"lazy\" decoding=\"async\" src=\"https:\/\/piatacentrala.chisinau.md\/wp-content\/uploads\/2025\/08\/group-156.png\" alt=\"Group 156\" width=\"27\" height=\"18\" \/>\n\t\t\t\t\t\t<h4>\u0421\u043c\u043e\u0442\u0440\u0435\u0442\u044c<\/h4>\t\t\t\t\t\n\t<a href=\"https:\/\/piatacentrala.chisinau.md\/regulamentul-de-organizare-si-functionare-a-intreprinderii-municipale-piata-centrala\/\" data-plugininputid=\"1547\">REGULAMENTUL de organizare \u015fi func\u0163ionare a \u00eentreprinderii municipale \u201ePia\u0163a Central\u0103&#187;<\/a>\n\t\t\t\t\t\t\t<img loading=\"lazy\" decoding=\"async\" src=\"https:\/\/piatacentrala.chisinau.md\/wp-content\/uploads\/2025\/08\/group-154.png\" alt=\"Group 154\" width=\"24\" height=\"28\" \/>\n\t\t\t\t\t\t<h4>PDF<\/h4>\t\t\t\t\t\n\t\t\t\t\t\t<a href=\"https:\/\/piatacentrala.chisinau.md\/wp-content\/uploads\/2025\/08\/regulamentul_de_organizare_si_functionare_a_i_m_piata_centrala.pdf\" target=\"_blank\" aria-label=\"\u0421\u043a\u0430\u0447\u0430\u0442\u044c\">\n\t\t\t\t\t\t\t<img loading=\"lazy\" decoding=\"async\" src=\"https:\/\/piatacentrala.chisinau.md\/wp-content\/uploads\/2025\/08\/group-155.png\" alt=\"Group 155\" width=\"19\" height=\"19\" \/>\n\t\t\t\t\t\t<\/a>\n\t\t\t\t\t\t<h4><a href=\"https:\/\/piatacentrala.chisinau.md\/wp-content\/uploads\/2025\/08\/regulamentul_de_organizare_si_functionare_a_i_m_piata_centrala.pdf\" target=\"_blank\">\u0421\u043a\u0430\u0447\u0430\u0442\u044c<\/a><\/h4>\t\t\t\t\t\n\t\t\t\t\t\t<a href=\"https:\/\/piatacentrala.chisinau.md\/regulamentul-de-organizare-si-functionare-a-intreprinderii-municipale-piata-centrala\/\" target=\"_self\" aria-label=\"\u0421\u043c\u043e\u0442\u0440\u0435\u0442\u044c\">\n\t\t\t\t\t\t\t<img loading=\"lazy\" decoding=\"async\" src=\"https:\/\/piatacentrala.chisinau.md\/wp-content\/uploads\/2025\/08\/group-156.png\" alt=\"Group 156\" width=\"27\" height=\"18\" \/>\n\t\t\t\t\t\t<\/a>\n\t\t\t\t\t\t<h4><a href=\"https:\/\/piatacentrala.chisinau.md\/regulamentul-de-organizare-si-functionare-a-intreprinderii-municipale-piata-centrala\/\" target=\"_self\">\u0421\u043c\u043e\u0442\u0440\u0435\u0442\u044c<\/a><\/h4>\t\t\t\t\t\n\t<a href=\"https:\/\/piatacentrala.chisinau.md\/regulamentul-de-comert-in-piata-specializata-din-str-carbunari-9-a-intreprinderii-municipale-piata-centrala\/\" data-plugininputid=\"1545\">REGULAMENTUL de comer\u0163 \u00een pia\u0163a specializat\u0103 din str.C\u0103rbunari, 9 a \u00eentreprinderii municipale \u201ePia\u0163a Central\u0103&#187;<\/a>\n\t\t\t\t\t\t\t<img loading=\"lazy\" decoding=\"async\" src=\"https:\/\/piatacentrala.chisinau.md\/wp-content\/uploads\/2025\/08\/group-154.png\" alt=\"Group 154\" width=\"24\" height=\"28\" \/>\n\t\t\t\t\t\t<h4>PDF<\/h4>\t\t\t\t\t\n\t\t\t\t\t\t<a href=\"https:\/\/piatacentrala.chisinau.md\/wp-content\/uploads\/2025\/08\/regulamentul_de_comert_in_piata_specializata_din_str_carbunari.pdf\" target=\"_blank\" aria-label=\"\u0421\u043a\u0430\u0447\u0430\u0442\u044c\">\n\t\t\t\t\t\t\t<img loading=\"lazy\" decoding=\"async\" src=\"https:\/\/piatacentrala.chisinau.md\/wp-content\/uploads\/2025\/08\/group-155.png\" alt=\"Group 155\" width=\"19\" height=\"19\" \/>\n\t\t\t\t\t\t<\/a>\n\t\t\t\t\t\t<h4><a href=\"https:\/\/piatacentrala.chisinau.md\/wp-content\/uploads\/2025\/08\/regulamentul_de_comert_in_piata_specializata_din_str_carbunari.pdf\" target=\"_blank\">\u0421\u043a\u0430\u0447\u0430\u0442\u044c<\/a><\/h4>\t\t\t\t\t\n\t\t\t\t\t\t<a href=\"https:\/\/piatacentrala.chisinau.md\/regulamentul-de-comert-in-piata-specializata-din-str-carbunari-9-a-intreprinderii-municipale-piata-centrala\/\" target=\"_self\" aria-label=\"\u0421\u043c\u043e\u0442\u0440\u0435\u0442\u044c\">\n\t\t\t\t\t\t\t<img loading=\"lazy\" decoding=\"async\" src=\"https:\/\/piatacentrala.chisinau.md\/wp-content\/uploads\/2025\/08\/group-156.png\" alt=\"Group 156\" width=\"27\" height=\"18\" \/>\n\t\t\t\t\t\t<\/a>\n\t\t\t\t\t\t<h4><a href=\"https:\/\/piatacentrala.chisinau.md\/regulamentul-de-comert-in-piata-specializata-din-str-carbunari-9-a-intreprinderii-municipale-piata-centrala\/\" target=\"_self\">\u0421\u043c\u043e\u0442\u0440\u0435\u0442\u044c<\/a><\/h4>\t\t\t\t\t\n\n","protected":false},"excerpt":{"rendered":"<p>REGULAMENTUL de comer\u0163 \u00een pia\u0163a mixt\u0103 din str.Mitropolit Varlaam, 63 a \u00eentreprinderii municipale \u201ePia\u0163a Central\u0103&#187; Prezentul Regulament de comer\u0163 \u00een pia\u0163a mixt\u0103 din str.Mitropolit Varlaam, 63 a \u00eentreprinderii municipale \u201ePia\u0163a Central\u0103&#187; (\u00een continuare Regulament) reglementeaz\u0103 activitatea pie\u0163ei mixte din str.Mitropolit Varlaam, 63 gestionat\u0103 de \u00eentreprinderea municipal\u0103 &#187;Pia\u0163a Central\u0103&#187; (\u00een continuare Pia\u0163a) constituit\u0103 \u00een temeiul deciziei&hellip;<\/p>\n","protected":false},"author":1,"featured_media":0,"parent":0,"menu_order":0,"comment_status":"closed","ping_status":"closed","template":"","meta":{"inline_featured_image":false,"footnotes":""},"class_list":["post-279","page","type-page","status-publish","hentry"],"_links":{"self":[{"href":"https:\/\/piatacentrala.chisinau.md\/ru\/wp-json\/wp\/v2\/pages\/279","targetHints":{"allow":["GET"]}}],"collection":[{"href":"https:\/\/piatacentrala.chisinau.md\/ru\/wp-json\/wp\/v2\/pages"}],"about":[{"href":"https:\/\/piatacentrala.chisinau.md\/ru\/wp-json\/wp\/v2\/types\/page"}],"author":[{"embeddable":true,"href":"https:\/\/piatacentrala.chisinau.md\/ru\/wp-json\/wp\/v2\/users\/1"}],"replies":[{"embeddable":true,"href":"https:\/\/piatacentrala.chisinau.md\/ru\/wp-json\/wp\/v2\/comments?post=279"}],"version-history":[{"count":3,"href":"https:\/\/piatacentrala.chisinau.md\/ru\/wp-json\/wp\/v2\/pages\/279\/revisions"}],"predecessor-version":[{"id":289,"href":"https:\/\/piatacentrala.chisinau.md\/ru\/wp-json\/wp\/v2\/pages\/279\/revisions\/289"}],"wp:attachment":[{"href":"https:\/\/piatacentrala.chisinau.md\/ru\/wp-json\/wp\/v2\/media?parent=279"}],"curies":[{"name":"wp","href":"https:\/\/api.w.org\/{rel}","templated":true}]}}